{"id":15560,"date":"2022-02-04T11:41:26","date_gmt":"2022-02-04T10:41:26","guid":{"rendered":"https:\/\/instant27001.com\/?page_id=15560"},"modified":"2025-12-24T11:30:04","modified_gmt":"2025-12-24T10:30:04","slug":"funktionen-und-preise","status":"publish","type":"page","link":"https:\/\/instant27001.com\/de\/funktionen-und-preise\/","title":{"rendered":"Funktionen und Preise"},"content":{"rendered":"\n<div class=\"wp-block-columns is-layout-flex wp-container-core-columns-is-layout-8f761849 wp-block-columns-is-layout-flex\">\n<div class=\"wp-block-column is-layout-flow wp-block-column-is-layout-flow\">\n<p class=\"wp-block-paragraph\">Instant 27001 ist ein einsatzbereites ISO 27001-Informationssicherheitsmanagementsystem. Es erm\u00f6glicht Organisationen, ISO 27001 strukturiert und praxisnah zu implementieren und dauerhaft zu betreiben \u2013 ohne beratungsintensive Projekte oder tief eingreifende Automatisierungsplattformen.<\/p>\n\n\n\n<p class=\"wp-block-paragraph\">Schon \u00fcber <a href=\"\/testimonial\">2.500 Organisationen<\/a> setzen auf Instant 27001, um Risiken zu reduzieren, Security-Governance zu st\u00e4rken und Vertrauen bei Kunden, Partnern und Aufsichtsbeh\u00f6rden aufzubauen.<\/p>\n\n\n\n<p class=\"wp-block-paragraph\">Instant 27001 l\u00e4sst sich nahtlos in <a href=\"https:\/\/instant27001.com\/de\/confluence\/\">Atlassian Confluence<\/a> und <a href=\"https:\/\/instant27001.com\/de\/microsoft\/\">Microsoft 365<\/a> integrieren. sodass Teams ISO 27001 in den Tools umsetzen und pflegen k\u00f6nnen, die sie bereits verwenden. <\/p>\n\n\n\n<p class=\"wp-block-paragraph\">Einmalige Lizenz ab <a href=\"#pricing\">\u20ac 2.495<\/a>. Verf\u00fcgbar in <a href=\"\/\">Englisch<\/a>, <a href=\"\/nl\">Niederl\u00e4ndisch <\/a>und Deutsch.<\/p>\n<\/div>\n\n\n\n<div class=\"wp-block-column is-vertically-aligned-center is-layout-flow wp-block-column-is-layout-flow\" style=\"flex-basis:15%\">\n<figure class=\"wp-block-image size-full has-lightbox\"><a href=\"https:\/\/instant27001.com\/support\/instant-27001-badges\/\"><img data-recalc-dims=\"1\" loading=\"lazy\" decoding=\"async\" width=\"800\" height=\"800\" src=\"https:\/\/i0.wp.com\/instant27001.com\/wp-content\/uploads\/2024\/06\/ISO-27001-powered-by-Instant-27001-rgb.png?resize=800%2C800&#038;ssl=1\" alt=\"\" class=\"wp-image-21569\" srcset=\"https:\/\/i0.wp.com\/instant27001.com\/wp-content\/uploads\/2024\/06\/ISO-27001-powered-by-Instant-27001-rgb.png?w=800&amp;ssl=1 800w, https:\/\/i0.wp.com\/instant27001.com\/wp-content\/uploads\/2024\/06\/ISO-27001-powered-by-Instant-27001-rgb.png?resize=300%2C300&amp;ssl=1 300w, https:\/\/i0.wp.com\/instant27001.com\/wp-content\/uploads\/2024\/06\/ISO-27001-powered-by-Instant-27001-rgb.png?resize=150%2C150&amp;ssl=1 150w, https:\/\/i0.wp.com\/instant27001.com\/wp-content\/uploads\/2024\/06\/ISO-27001-powered-by-Instant-27001-rgb.png?resize=768%2C768&amp;ssl=1 768w, https:\/\/i0.wp.com\/instant27001.com\/wp-content\/uploads\/2024\/06\/ISO-27001-powered-by-Instant-27001-rgb.png?resize=600%2C600&amp;ssl=1 600w, https:\/\/i0.wp.com\/instant27001.com\/wp-content\/uploads\/2024\/06\/ISO-27001-powered-by-Instant-27001-rgb.png?resize=400%2C400&amp;ssl=1 400w, https:\/\/i0.wp.com\/instant27001.com\/wp-content\/uploads\/2024\/06\/ISO-27001-powered-by-Instant-27001-rgb.png?resize=200%2C200&amp;ssl=1 200w\" sizes=\"auto, (max-width: 800px) 100vw, 800px\" \/><\/a><\/figure>\n<\/div>\n<\/div>\n\n\n\n<hr class=\"wp-block-separator has-alpha-channel-opacity is-style-dots\"\/>\n\n\n\n<h2 class=\"wp-block-heading\" id=\"funktionen\">Funktionen<\/h2>\n\n\n\n<p class=\"wp-block-paragraph\"><strong>Instant 27001<\/strong> ist ein vorgefertigtes ISMS, das enth\u00e4lt:<\/p>\n\n\n\n<div class=\"wp-block-columns is-layout-flex wp-container-core-columns-is-layout-8f761849 wp-block-columns-is-layout-flex\">\n<div class=\"wp-block-column is-layout-flow wp-block-column-is-layout-flow\">\n<ul id=\"block-1f97ba5e-ae41-4bd6-87d1-24f1b4d938a2\" class=\"wp-block-list\">\n<li>Alle Anforderungen und Ma\u00dfnahmen der ISO 27001, versehen mit Erl\u00e4uterungen und Beispielimplementierungen<\/li>\n\n\n\n<li>Alle erwarteten Dokumente (\u00b110), z. B. SWOT-Analyse, Stakeholder-Analyse, Beschreibung des Anwendungsbereichs, Rollen und Funktionen, Ziele, Awareness-Pr\u00e4sentation<\/li>\n\n\n\n<li>Alle Dokumente werden von den jeweiligen Anforderungen und Ma\u00dfnahmen referenziert<\/li>\n\n\n\n<li>Vollst\u00e4ndige Risikobewertung, mit (\u00b120) IT-bezogenen Risiken<\/li>\n\n\n\n<li>Alle Ma\u00dfnahmen werden von den jeweiligen Risiken referenziert<\/li>\n\n\n\n<li>Automatisch erstellte Reportagen, z.B. Erkl\u00e4rung zur Anwendbarkeit<\/li>\n<\/ul>\n<\/div>\n\n\n\n<div class=\"wp-block-column is-layout-flow wp-block-column-is-layout-flow\">\n<ul id=\"block-1f97ba5e-ae41-4bd6-87d1-24f1b4d938a2\" class=\"wp-block-list\">\n<li>Auditf\u00e4hige Richtlinien (\u00b120) und Verfahren (\u00b115)<\/li>\n\n\n\n<li>Verwaltung der Werte (Arbeitspl\u00e4tze, Telefone, Systeme und (Cloud-)Dienste)<\/li>\n\n\n\n<li>Verwaltung von Lieferanten(-bewertungen)<\/li>\n\n\n\n<li>DSGVO-Verzeichnis der Verarbeitungst\u00e4tigkeiten<\/li>\n\n\n\n<li>Verwaltung von \u00c4nderungen<\/li>\n\n\n\n<li>Verwaltung von Vorf\u00e4lle und Nichtkonformit\u00e4ten<\/li>\n\n\n\n<li>Integrierte \u00dcberwachung relevanter Anforderungen und Ma\u00dfnahmen<\/li>\n\n\n\n<li>Vorlagen f\u00fcr interne Auditberichte und Managementbewertungen<\/li>\n<\/ul>\n<\/div>\n<\/div>\n\n\n\n<hr class=\"wp-block-separator has-alpha-channel-opacity is-style-dots\"\/>\n\n\n\n<h2 class=\"wp-block-heading\" id=\"preise\">Preise<\/h2>\n\n\n\n<p class=\"wp-block-paragraph\">Instant 27001 wird als <strong>einmalige (unbefristete) Lizenz<\/strong> f\u00fcr eine (1) Organisation\/Einrichtung verkauft. Der Preis der Lizenz h\u00e4ngt von der Gr\u00f6\u00dfe und Struktur der Organisation ab. Es ist jederzeit m\u00f6glich, die Lizenz zu <a href=\"https:\/\/instant27001.com\/faq\/upgrade\/\">erweitern<\/a>, wenn Ihre Organisation w\u00e4chst.<\/p>\n\n\n\n<div class=\"wp-block-columns is-layout-flex wp-container-core-columns-is-layout-8f761849 wp-block-columns-is-layout-flex\">\n<div class=\"wp-block-column card coblocks-animate is-layout-flow wp-block-column-is-layout-flow\" data-coblocks-animation=\"slideInLeft\">\n<h3 class=\"wp-block-heading\" id=\"instant-27001-startup\">Startup<\/h3>\n\n\n\n<ul class=\"wp-block-list\">\n<li>Eine Organisation oder juristische Gesellschaft<\/li>\n\n\n\n<li>Keine Holding\/Gruppe<\/li>\n\n\n\n<li>Maximal 25 Mitarbeiter<\/li>\n<\/ul>\n\n\n\n<p class=\"price wp-block-paragraph\">\u20ac 2 495<\/p>\n<\/div>\n\n\n\n<div class=\"wp-block-column card coblocks-animate is-layout-flow wp-block-column-is-layout-flow\" data-coblocks-animation=\"slideInBottom\">\n<h3 class=\"wp-block-heading\" id=\"instant-27001-scaleup\">Scaleup<\/h3>\n\n\n\n<ul class=\"wp-block-list\">\n<li>Eine (kleine) Holding oder Gruppe<\/li>\n\n\n\n<li>Maximal 2 Tochtergesellschaften (im Anwendungsbereich des ISMS)<\/li>\n\n\n\n<li>Maximal 200 Mitarbeiter (im Anwendungsbereich des ISMS)<\/li>\n<\/ul>\n\n\n\n<p class=\"price wp-block-paragraph\">\u20ac 3 495<\/p>\n<\/div>\n\n\n\n<div class=\"wp-block-column card coblocks-animate is-layout-flow wp-block-column-is-layout-flow\" data-coblocks-animation=\"slideInRight\">\n<h3 class=\"wp-block-heading\" id=\"instant-27001-enterprise\">Enterprise<\/h3>\n\n\n\n<ul class=\"wp-block-list\">\n<li>Eine (gro\u00dfe) Holding oder Gruppe<\/li>\n\n\n\n<li>Keine H\u00f6chstzahl an Tochtergesellschaften<\/li>\n\n\n\n<li>Keine H\u00f6chstzahl an Mitarbeitern<\/li>\n<\/ul>\n\n\n\n<p class=\"price wp-block-paragraph\">\u20ac 4 495<\/p>\n<\/div>\n<\/div>\n\n\n\n<p class=\"wp-block-paragraph\">Die Preise verstehen sich ohne etwaige anfallende <a href=\"https:\/\/instant27001.com\/faq\/do-i-need-to-pay-vat\/\">Steuern<\/a> und Abonnementkosten f\u00fcr Confluence, Microsoft 365 oder ISOPlanner.<\/p>\n\n\n\n<hr class=\"wp-block-separator has-alpha-channel-opacity is-style-dots\"\/>\n\n\n\n<h2 class=\"wp-block-heading\" id=\"dienstleistungen\">Dienstleistungen<\/h2>\n\n\n\n<div class=\"wp-block-group\"><div class=\"wp-block-group__inner-container is-layout-flow wp-block-group-is-layout-flow\">\n<p class=\"wp-block-paragraph\">Stellen Sie sich Ihr eigenes Silber-, Gold- oder Platinpaket zusammen, indem Sie die folgenden Mehrwertdienste miteinander kombinieren:<\/p>\n\n\n\n<ul class=\"wp-block-list\"><li><a href=\"https:\/\/instant27001.com\/services\/consultant-on-demand\/\">Consultant on demand<\/a> (ein erfahrener Berater steht Ihnen f\u00fcr alle ISO-bezogenen Fragen zur Verf\u00fcgung)<\/li><li><a href=\"https:\/\/instant27001.com\/services\/internal-audit\/\">Internal audit<\/a> (ein zertifizierter Auditor f\u00fchrt ein internes Audit durch, das Sie auf die eigentliche Zertifizierung vorbereitet)<\/li><li><a href=\"https:\/\/instant27001.com\/services\/instant-pentest\/\">Penetration test<\/a> (ein White Hat Hacker wird die Sicherheit Ihrer Plattform testen)<\/li><\/ul>\n<\/div><\/div>\n\n\n\n<hr class=\"wp-block-separator has-alpha-channel-opacity is-style-dots\"\/>\n\n\n\n<div class=\"wp-block-columns is-layout-flex wp-container-core-columns-is-layout-8f761849 wp-block-columns-is-layout-flex\">\n<div class=\"wp-block-column is-layout-flow wp-block-column-is-layout-flow\" style=\"flex-basis:33%\">\n<h2 class=\"wp-block-heading\" id=\"weiterlesen\">Weiterlesen<\/h2>\n\n\n\n<ul class=\"wp-block-list\">\n<li><a data-type=\"page\" data-id=\"17001\" href=\"\/de\/confluence\/\">Instant 27001 f\u00fcr Confluence<\/a><\/li>\n\n\n\n<li><a href=\"\/de\/microsoft\/\">Instant 27001 f\u00fcr Microsoft 365<\/a><\/li>\n\n\n\n<li><a data-type=\"page\" data-id=\"15560\" href=\"\/de\/funktionen-und-preise\/\">Funktionen und Preise<\/a><\/li>\n\n\n\n<li><a href=\"https:\/\/instant27001.com\/de\/vorteile-von-iso-27001\/\">Vorteilen von ISO 27001<\/a><\/li>\n\n\n\n<li><a href=\"https:\/\/instant27001.com\/de\/iso-27001-anwendungsfaelle\/\">ISO 27001 Anwendungsf\u00e4lle<\/a><\/li>\n\n\n\n<li><a href=\"\/book-a-demo\/\">Eine Demo buchen<\/a><\/li>\n<\/ul>\n<\/div>\n\n\n\n<div class=\"wp-block-column is-layout-flow wp-block-column-is-layout-flow\">\n<h2 class=\"wp-block-heading\" id=\"add-ons\">Deutschsprachige Add-ons<\/h2>\n\n\n\n<div class=\"wp-block-columns is-layout-flex wp-container-core-columns-is-layout-8f761849 wp-block-columns-is-layout-flex\">\n<div class=\"wp-block-column is-layout-flow wp-block-column-is-layout-flow\">\n<ul class=\"wp-block-list\">\n<li><a data-type=\"page\" data-id=\"15614\" href=\"\/products\/iso-9001-add-on\/\">ISO 9001<\/a><\/li>\n\n\n\n<li><a href=\"\/products\/iso-13485-ce-add-on\/\">ISO 13485<\/a><\/li>\n\n\n\n<li><a data-type=\"page\" data-id=\"15605\" href=\"\/products\/iso-14001-add-on\/\">ISO 14001<\/a><\/li>\n\n\n\n<li><a href=\"\/products\/iso-20000-add-on\/\">ISO 20000-1<\/a><\/li>\n\n\n\n<li><a href=\"\/products\/iso-22301-add-on\/\">ISO 22301<\/a><\/li>\n\n\n\n<li><a data-type=\"URL\" href=\"\/products\/iso-27017-add-on\/\">ISO 27017<\/a><\/li>\n<\/ul>\n<\/div>\n\n\n\n<div class=\"wp-block-column is-layout-flow wp-block-column-is-layout-flow\">\n<ul class=\"wp-block-list\">\n<li><a href=\"\/products\/iso-27018-add-on\/\">ISO 27018<\/a><\/li>\n\n\n\n<li><a data-type=\"page\" data-id=\"15595\" href=\"\/products\/iso-27701-add-on\/\">ISO 27701<\/a><\/li>\n\n\n\n<li><a href=\"\/products\/iso-42001-add-on\/\">ISO 42001<\/a><\/li>\n\n\n\n<li><a href=\"\/products\/iso-45001-add-on\/\">ISO 45001<\/a><\/li>\n\n\n\n<li><a href=\"\/products\/c5-add-on\/\">C5<\/a><\/li>\n\n\n\n<li><a href=\"\/products\/vda-isa-tisax-add-on\/\">VDA-ISA 6 (TISAX)<\/a><\/li>\n<\/ul>\n<\/div>\n<\/div>\n<\/div>\n<\/div>\n","protected":false},"excerpt":{"rendered":"<p>Dienstleistungen<\/p>\n","protected":false},"author":23147248,"featured_media":0,"parent":0,"menu_order":0,"comment_status":"closed","ping_status":"closed","template":"","meta":{"_acf_changed":false,"_coblocks_attr":"","_coblocks_dimensions":"","_coblocks_responsive_height":"","_coblocks_accordion_ie_support":"","_crdt_document":"","jetpack_post_was_ever_published":false,"footnotes":""},"class_list":["post-15560","page","type-page","status-publish","hentry"],"acf":[],"yoast_head":"<!-- This site is optimized with the Yoast SEO plugin v27.3 - https:\/\/yoast.com\/product\/yoast-seo-wordpress\/ -->\n<title>Funktionen und Preise | Instant 27001<\/title>\n<meta name=\"description\" content=\"Funktionen und Preise | Instant 27001\" \/>\n<meta name=\"robots\" content=\"index, follow, max-snippet:-1, max-image-preview:large, max-video-preview:-1\" \/>\n<link rel=\"canonical\" href=\"https:\/\/instant27001.com\/de\/funktionen-und-preise\/\" \/>\n<meta property=\"og:locale\" content=\"de_DE\" \/>\n<meta property=\"og:type\" content=\"article\" \/>\n<meta property=\"og:title\" content=\"Funktionen und Preise | Instant 27001\" \/>\n<meta property=\"og:description\" content=\"Funktionen und Preise | Instant 27001\" \/>\n<meta property=\"og:url\" content=\"https:\/\/instant27001.com\/de\/funktionen-und-preise\/\" \/>\n<meta property=\"og:site_name\" content=\"Instant 27001\" \/>\n<meta property=\"article:modified_time\" content=\"2025-12-24T10:30:04+00:00\" \/>\n<meta name=\"twitter:card\" content=\"summary_large_image\" \/>\n<meta name=\"twitter:label1\" content=\"Gesch\u00e4tzte Lesezeit\" \/>\n\t<meta name=\"twitter:data1\" content=\"1\u00a0Minute\" \/>\n<script type=\"application\/ld+json\" class=\"yoast-schema-graph\">{\"@context\":\"https:\\\/\\\/schema.org\",\"@graph\":[{\"@type\":\"WebPage\",\"@id\":\"https:\\\/\\\/instant27001.com\\\/de\\\/funktionen-und-preise\\\/\",\"url\":\"https:\\\/\\\/instant27001.com\\\/de\\\/funktionen-und-preise\\\/\",\"name\":\"Funktionen und Preise | Instant 27001\",\"isPartOf\":{\"@id\":\"https:\\\/\\\/instant27001.com\\\/de\\\/#website\"},\"datePublished\":\"2022-02-04T10:41:26+00:00\",\"dateModified\":\"2025-12-24T10:30:04+00:00\",\"description\":\"Funktionen und Preise | Instant 27001\",\"inLanguage\":\"de\",\"potentialAction\":[{\"@type\":\"ReadAction\",\"target\":[\"https:\\\/\\\/instant27001.com\\\/de\\\/funktionen-und-preise\\\/\"]}]},{\"@type\":\"WebSite\",\"@id\":\"https:\\\/\\\/instant27001.com\\\/de\\\/#website\",\"url\":\"https:\\\/\\\/instant27001.com\\\/de\\\/\",\"name\":\"Instant 27001\",\"description\":\"Ready-to-run ISMS for ISO 27001\",\"publisher\":{\"@id\":\"https:\\\/\\\/instant27001.com\\\/de\\\/#organization\"},\"alternateName\":\"DIY ISMS for ISO 27001\",\"potentialAction\":[{\"@type\":\"SearchAction\",\"target\":{\"@type\":\"EntryPoint\",\"urlTemplate\":\"https:\\\/\\\/instant27001.com\\\/de\\\/?s={search_term_string}\"},\"query-input\":{\"@type\":\"PropertyValueSpecification\",\"valueRequired\":true,\"valueName\":\"search_term_string\"}}],\"inLanguage\":\"de\"},{\"@type\":\"Organization\",\"@id\":\"https:\\\/\\\/instant27001.com\\\/de\\\/#organization\",\"name\":\"Instant Management Systems B.V.\",\"alternateName\":\"IMS\",\"url\":\"https:\\\/\\\/instant27001.com\\\/de\\\/\",\"logo\":{\"@type\":\"ImageObject\",\"inLanguage\":\"de\",\"@id\":\"https:\\\/\\\/instant27001.com\\\/de\\\/#\\\/schema\\\/logo\\\/image\\\/\",\"url\":\"https:\\\/\\\/i0.wp.com\\\/instant27001.com\\\/wp-content\\\/uploads\\\/2023\\\/08\\\/IMS-logo-rgb-400.png?fit=400%2C123&ssl=1\",\"contentUrl\":\"https:\\\/\\\/i0.wp.com\\\/instant27001.com\\\/wp-content\\\/uploads\\\/2023\\\/08\\\/IMS-logo-rgb-400.png?fit=400%2C123&ssl=1\",\"width\":400,\"height\":123,\"caption\":\"Instant Management Systems B.V.\"},\"image\":{\"@id\":\"https:\\\/\\\/instant27001.com\\\/de\\\/#\\\/schema\\\/logo\\\/image\\\/\"},\"sameAs\":[\"https:\\\/\\\/www.linkedin.com\\\/company\\\/instant27001\\\/\"]}]}<\/script>\n<!-- \/ Yoast SEO plugin. -->","yoast_head_json":{"title":"Funktionen und Preise | Instant 27001","description":"Funktionen und Preise | Instant 27001","robots":{"index":"index","follow":"follow","max-snippet":"max-snippet:-1","max-image-preview":"max-image-preview:large","max-video-preview":"max-video-preview:-1"},"canonical":"https:\/\/instant27001.com\/de\/funktionen-und-preise\/","og_locale":"de_DE","og_type":"article","og_title":"Funktionen und Preise | Instant 27001","og_description":"Funktionen und Preise | Instant 27001","og_url":"https:\/\/instant27001.com\/de\/funktionen-und-preise\/","og_site_name":"Instant 27001","article_modified_time":"2025-12-24T10:30:04+00:00","twitter_card":"summary_large_image","twitter_misc":{"Gesch\u00e4tzte Lesezeit":"1\u00a0Minute"},"schema":{"@context":"https:\/\/schema.org","@graph":[{"@type":"WebPage","@id":"https:\/\/instant27001.com\/de\/funktionen-und-preise\/","url":"https:\/\/instant27001.com\/de\/funktionen-und-preise\/","name":"Funktionen und Preise | Instant 27001","isPartOf":{"@id":"https:\/\/instant27001.com\/de\/#website"},"datePublished":"2022-02-04T10:41:26+00:00","dateModified":"2025-12-24T10:30:04+00:00","description":"Funktionen und Preise | Instant 27001","inLanguage":"de","potentialAction":[{"@type":"ReadAction","target":["https:\/\/instant27001.com\/de\/funktionen-und-preise\/"]}]},{"@type":"WebSite","@id":"https:\/\/instant27001.com\/de\/#website","url":"https:\/\/instant27001.com\/de\/","name":"Instant 27001","description":"Ready-to-run ISMS for ISO 27001","publisher":{"@id":"https:\/\/instant27001.com\/de\/#organization"},"alternateName":"DIY ISMS for ISO 27001","potentialAction":[{"@type":"SearchAction","target":{"@type":"EntryPoint","urlTemplate":"https:\/\/instant27001.com\/de\/?s={search_term_string}"},"query-input":{"@type":"PropertyValueSpecification","valueRequired":true,"valueName":"search_term_string"}}],"inLanguage":"de"},{"@type":"Organization","@id":"https:\/\/instant27001.com\/de\/#organization","name":"Instant Management Systems B.V.","alternateName":"IMS","url":"https:\/\/instant27001.com\/de\/","logo":{"@type":"ImageObject","inLanguage":"de","@id":"https:\/\/instant27001.com\/de\/#\/schema\/logo\/image\/","url":"https:\/\/i0.wp.com\/instant27001.com\/wp-content\/uploads\/2023\/08\/IMS-logo-rgb-400.png?fit=400%2C123&ssl=1","contentUrl":"https:\/\/i0.wp.com\/instant27001.com\/wp-content\/uploads\/2023\/08\/IMS-logo-rgb-400.png?fit=400%2C123&ssl=1","width":400,"height":123,"caption":"Instant Management Systems B.V."},"image":{"@id":"https:\/\/instant27001.com\/de\/#\/schema\/logo\/image\/"},"sameAs":["https:\/\/www.linkedin.com\/company\/instant27001\/"]}]}},"jetpack_likes_enabled":false,"jetpack_sharing_enabled":true,"jetpack_shortlink":"https:\/\/wp.me\/P9910Y-42Y","_links":{"self":[{"href":"https:\/\/instant27001.com\/de\/wp-json\/wp\/v2\/pages\/15560","targetHints":{"allow":["GET"]}}],"collection":[{"href":"https:\/\/instant27001.com\/de\/wp-json\/wp\/v2\/pages"}],"about":[{"href":"https:\/\/instant27001.com\/de\/wp-json\/wp\/v2\/types\/page"}],"author":[{"embeddable":true,"href":"https:\/\/instant27001.com\/de\/wp-json\/wp\/v2\/users\/23147248"}],"replies":[{"embeddable":true,"href":"https:\/\/instant27001.com\/de\/wp-json\/wp\/v2\/comments?post=15560"}],"version-history":[{"count":27,"href":"https:\/\/instant27001.com\/de\/wp-json\/wp\/v2\/pages\/15560\/revisions"}],"predecessor-version":[{"id":23295,"href":"https:\/\/instant27001.com\/de\/wp-json\/wp\/v2\/pages\/15560\/revisions\/23295"}],"wp:attachment":[{"href":"https:\/\/instant27001.com\/de\/wp-json\/wp\/v2\/media?parent=15560"}],"curies":[{"name":"wp","href":"https:\/\/api.w.org\/{rel}","templated":true}]}}