{"id":23475,"date":"2025-11-23T13:07:20","date_gmt":"2025-11-23T12:07:20","guid":{"rendered":"https:\/\/instant27001.com\/iso-27001-beratung\/"},"modified":"2026-02-23T10:19:05","modified_gmt":"2026-02-23T09:19:05","slug":"iso-27001-beratung","status":"publish","type":"page","link":"https:\/\/instant27001.com\/de\/iso-27001-beratung\/","title":{"rendered":"ISO 27001-Beratung"},"content":{"rendered":"\n<p class=\"wp-block-paragraph\">Viele Unternehmen glauben immer noch, dass sie ISO 27001-Berater ben\u00f6tigen, um mit der Norm zu beginnen. Das war fr\u00fcher der Fall. Der Prozess f\u00fchlte sich komplex und abstrakt an, und die meisten Teams wussten nicht, wo sie anfangen sollten. Aber diese Welt verschwindet schnell. Instant 27001 hat das Spiel ver\u00e4ndert, indem es Unternehmen alles gibt, was sie brauchen, um ihre eigene ISO 27001-Implementierung durchzuf\u00fchren, ohne auf ISO 27001-Beratungsleistungen angewiesen zu sein.    <\/p>\n\n\n\n<p class=\"wp-block-paragraph\">Das Ergebnis ist einfach. Unternehmen behalten die Kontrolle. Die Kosten bleiben niedrig. Das ISMS wird schlank statt b\u00fcrokratisch.   <\/p>\n\n\n\n<div class=\"wp-block-buttons is-content-justification-center is-layout-flex wp-container-core-buttons-is-layout-fe48e5de wp-block-buttons-is-layout-flex\">\n<div class=\"wp-block-button\"><a class=\"wp-block-button__link has-white-color has-text-color has-background has-link-color has-custom-font-size wp-element-button\" href=\"https:\/\/instant27001.com\/book-a-demo\/\" style=\"border-radius:20px;background-color:#00aeef;font-size:22px;font-style:normal;font-weight:700\" target=\"_blank\" rel=\"noreferrer noopener\">Demo buchen<\/a><\/div>\n<\/div>\n\n\n\n<hr class=\"wp-block-separator has-alpha-channel-opacity is-style-dots\"\/>\n\n\n\n<h2 class=\"wp-block-heading\">Instant 27001 l\u00f6st die Probleme, die die Beratung eigentlich beheben sollte<\/h2>\n\n\n\n<p class=\"wp-block-paragraph\">Die ISO 27001-Beratung ist gewachsen, weil es den Unternehmen an Klarheit mangelte. Berater halfen, die Norm in etwas Verst\u00e4ndliches zu \u00fcbersetzen. Instant 27001 tut genau das, aber ohne den Preis oder die Abh\u00e4ngigkeit. Seine Struktur, Vorlagen und Erkl\u00e4rungen beseitigen Verwirrung an der Quelle.   <\/p>\n\n\n\n<p class=\"wp-block-paragraph\">Teams k\u00f6nnen:<\/p>\n\n\n\n<ul class=\"wp-block-list\">\n<li>Einer klaren Abfolge von Schritten folgen<\/li>\n\n\n\n<li>Kurze und fokussierte Vorlagen verwenden<\/li>\n\n\n\n<li>Anforderungen ohne Fachjargon verstehen<\/li>\n\n\n\n<li>Endlose Besprechungen und Beratungsstunden vermeiden<\/li>\n<\/ul>\n\n\n\n<p class=\"wp-block-paragraph\">Deshalb stellen viele Kunden fest, dass die meisten ISO 27001-Beratungsleistungen \u00fcberfl\u00fcssig werden, sobald sie mit der Nutzung der Plattform beginnen.<\/p>\n\n\n\n<hr class=\"wp-block-separator has-alpha-channel-opacity is-style-dots\"\/>\n\n\n\n<h2 class=\"wp-block-heading\">ISO 27001-Beratungsleistungen sind f\u00fcr die meisten Unternehmen \u00fcbertrieben<\/h2>\n\n\n\n<p class=\"wp-block-paragraph\">Die meisten Startups und Scale-ups brauchen niemanden, der Richtlinien f\u00fcr sie schreibt oder grundlegende Anforderungen zu hohen Stundens\u00e4tzen erkl\u00e4rt. Sie brauchen Struktur, Einfachheit und praktische Beispiele. Instant 27001 bietet genau das. Es ist ein sofort einsatzbereites ISMS, das die sich wiederholende Arbeit eliminiert, die Berater oft bei ihren Kunden leisten.   <\/p>\n\n\n\n<p class=\"wp-block-paragraph\">Traditionelle ISO 27001-Beratungsleistungen umfassen in der Regel:<\/p>\n\n\n\n<ul class=\"wp-block-list\">\n<li>Erstellung von Richtlinien<\/li>\n\n\n\n<li>Unterst\u00fctzung bei der Risikobewertung<\/li>\n\n\n\n<li>Erstellung von Dokumentationen<\/li>\n\n\n\n<li>Erl\u00e4uterungen zu Kontrollen<\/li>\n\n\n\n<li>ISMS-Struktur und -Planung<\/li>\n<\/ul>\n\n\n\n<p class=\"wp-block-paragraph\">Instant 27001 enth\u00e4lt all dies bereits in einem schlanken, leicht verst\u00e4ndlichen Wiki-Format. Anstatt sich auf einen externen Berater zu verlassen, arbeiten die Teams einfach die Inhalte durch und passen sie an ihr Gesch\u00e4ft an. <\/p>\n\n\n\n<hr class=\"wp-block-separator has-alpha-channel-opacity is-style-dots\"\/>\n\n\n\n<h2 class=\"wp-block-heading\">Werden Sie mit Instant 27001 Ihr eigener Berater<\/h2>\n\n\n\n<p class=\"wp-block-paragraph\">Der gr\u00f6\u00dfte Wandel ist kultureller Natur. Unternehmen entdecken, dass sie ihr ISMS selbst in die Hand nehmen k\u00f6nnen, wenn sie die richtigen Werkzeuge haben. Instant 27001 gibt ihnen alles, was sie brauchen, um als ihr eigener ISO 27001-Berater zu agieren. Die Anleitung ist praxisnah, direkt und f\u00fcr moderne Technologieunternehmen konzipiert.   <\/p>\n\n\n\n<p class=\"wp-block-paragraph\">Mit Instant 27001 k\u00f6nnen Unternehmen:<\/p>\n\n\n\n<ul class=\"wp-block-list\">\n<li>Erfahren, was die Norm tats\u00e4chlich von ihnen erwartet<\/li>\n\n\n\n<li>Ein konformes ISMS in einem logischen Ablauf aufbauen<\/li>\n\n\n\n<li>Die Dokumentation kurz, einfach und pr\u00fcferfreundlich halten<\/li>\n\n\n\n<li>Unabh\u00e4ngig von externen Beratern bleiben und Geld sparen<\/li>\n\n\n\n<li>Internes Wissen pflegen (anstatt es auszulagern)<\/li>\n<\/ul>\n\n\n\n<p class=\"wp-block-paragraph\">Dies erm\u00f6glicht es den Teams, ihren Zertifizierungsprozess selbstbewusst in die Hand zu nehmen.<\/p>\n\n\n\n<hr class=\"wp-block-separator has-alpha-channel-opacity is-style-dots\"\/>\n\n\n\n<h2 class=\"wp-block-heading\">Die Zukunft der ISO 27001-Beratung<\/h2>\n\n\n\n<p class=\"wp-block-paragraph\">ISO 27001-Berater werden nicht verschwinden. Einige Unternehmen w\u00fcnschen sich immer noch eine abschlie\u00dfende \u00dcberpr\u00fcfung oder ein zus\u00e4tzliches Coaching. Aber die schwere Arbeit erfordert keine Beratung mehr. Instant 27001 macht die ISO 27001-Beratung zu einem optionalen Zusatzangebot anstelle einer obligatorischen Investition.   <\/p>\n\n\n\n<p class=\"wp-block-paragraph\">F\u00fcr Unternehmen, die Wert auf Geschwindigkeit, Einfachheit und Eigenverantwortung legen, ersetzt Instant 27001 die meisten traditionellen ISO 27001-Beratungsleistungen. Es gibt den Teams die Klarheit und die Werkzeuge, die sie ben\u00f6tigen, um die Norm selbst zu implementieren. <\/p>\n\n\n\n<p class=\"wp-block-paragraph\">Instant 27001 ist nicht nur eine Alternative zur Beratung. Es ist der moderne Weg, ISO 27001 effizient, kosteng\u00fcnstig und mit voller Kontrolle zu implementieren. <\/p>\n\n\n\n<p class=\"wp-block-paragraph\">Und wenn Sie jemals gezielte Expertenunterst\u00fctzung w\u00fcnschen, ohne Ihre Implementierung vollst\u00e4ndig auszulagern, bietet Ihnen unser Service <a href=\"https:\/\/instant27001.com\/services\/consultant-on-demand\/\">Consultant On Demand<\/a> genau das. Sie behalten die F\u00fchrung und erhalten nur dann fachkundige Hilfe, wenn Sie sie tats\u00e4chlich ben\u00f6tigen. <\/p>\n","protected":false},"excerpt":{"rendered":"<p>Viele Unternehmen glauben immer noch, dass sie ISO 27001-Berater ben\u00f6tigen, um mit der Norm zu beginnen. Das war fr\u00fcher der Fall. Der Prozess f\u00fchlte sich komplex und abstrakt an, und die meisten Teams wussten nicht, wo sie anfangen sollten. Aber diese Welt verschwindet schnell. Instant 27001 hat das Spiel ver\u00e4ndert, indem es Unternehmen alles gibt, [&hellip;]<\/p>\n","protected":false},"author":23147248,"featured_media":0,"parent":0,"menu_order":0,"comment_status":"closed","ping_status":"closed","template":"","meta":{"_acf_changed":false,"_coblocks_attr":"","_coblocks_dimensions":"","_coblocks_responsive_height":"","_coblocks_accordion_ie_support":"","_crdt_document":"","jetpack_post_was_ever_published":false,"footnotes":""},"class_list":["post-23475","page","type-page","status-publish","hentry"],"acf":[],"yoast_head":"<!-- This site is optimized with the Yoast SEO plugin v27.3 - https:\/\/yoast.com\/product\/yoast-seo-wordpress\/ -->\n<title>ISO 27001-Berater: Zertifizierung mit fachkundiger Hilfe | Instant 27001<\/title>\n<meta name=\"description\" content=\"Implementieren Sie ISO 27001, ohne auf teure ISO 27001-Berater angewiesen zu sein. Entdecken Sie, wie wir traditionelle ISO 27001-Beratungsleistungen ersetzen.\" \/>\n<meta name=\"robots\" content=\"index, follow, max-snippet:-1, max-image-preview:large, max-video-preview:-1\" \/>\n<link rel=\"canonical\" href=\"https:\/\/instant27001.com\/de\/iso-27001-beratung\/\" \/>\n<meta property=\"og:locale\" content=\"de_DE\" \/>\n<meta property=\"og:type\" content=\"article\" \/>\n<meta property=\"og:title\" content=\"ISO 27001-Berater: Zertifizierung mit fachkundiger Hilfe | Instant 27001\" \/>\n<meta property=\"og:description\" content=\"Implementieren Sie ISO 27001, ohne auf teure ISO 27001-Berater angewiesen zu sein. Entdecken Sie, wie wir traditionelle ISO 27001-Beratungsleistungen ersetzen.\" \/>\n<meta property=\"og:url\" content=\"https:\/\/instant27001.com\/de\/iso-27001-beratung\/\" \/>\n<meta property=\"og:site_name\" content=\"Instant 27001\" \/>\n<meta property=\"article:modified_time\" content=\"2026-02-23T09:19:05+00:00\" \/>\n<meta name=\"twitter:card\" content=\"summary_large_image\" \/>\n<meta name=\"twitter:label1\" content=\"Gesch\u00e4tzte Lesezeit\" \/>\n\t<meta name=\"twitter:data1\" content=\"3\u00a0Minuten\" \/>\n<script type=\"application\/ld+json\" class=\"yoast-schema-graph\">{\"@context\":\"https:\\\/\\\/schema.org\",\"@graph\":[{\"@type\":\"WebPage\",\"@id\":\"https:\\\/\\\/instant27001.com\\\/de\\\/iso-27001-beratung\\\/\",\"url\":\"https:\\\/\\\/instant27001.com\\\/de\\\/iso-27001-beratung\\\/\",\"name\":\"ISO 27001-Berater: Zertifizierung mit fachkundiger Hilfe | Instant 27001\",\"isPartOf\":{\"@id\":\"https:\\\/\\\/instant27001.com\\\/de\\\/#website\"},\"datePublished\":\"2025-11-23T12:07:20+00:00\",\"dateModified\":\"2026-02-23T09:19:05+00:00\",\"description\":\"Implementieren Sie ISO 27001, ohne auf teure ISO 27001-Berater angewiesen zu sein. Entdecken Sie, wie wir traditionelle ISO 27001-Beratungsleistungen ersetzen.\",\"inLanguage\":\"de\",\"potentialAction\":[{\"@type\":\"ReadAction\",\"target\":[\"https:\\\/\\\/instant27001.com\\\/de\\\/iso-27001-beratung\\\/\"]}]},{\"@type\":\"WebSite\",\"@id\":\"https:\\\/\\\/instant27001.com\\\/de\\\/#website\",\"url\":\"https:\\\/\\\/instant27001.com\\\/de\\\/\",\"name\":\"Instant 27001\",\"description\":\"Ready-to-run ISMS for ISO 27001\",\"publisher\":{\"@id\":\"https:\\\/\\\/instant27001.com\\\/de\\\/#organization\"},\"alternateName\":\"DIY ISMS for ISO 27001\",\"potentialAction\":[{\"@type\":\"SearchAction\",\"target\":{\"@type\":\"EntryPoint\",\"urlTemplate\":\"https:\\\/\\\/instant27001.com\\\/de\\\/?s={search_term_string}\"},\"query-input\":{\"@type\":\"PropertyValueSpecification\",\"valueRequired\":true,\"valueName\":\"search_term_string\"}}],\"inLanguage\":\"de\"},{\"@type\":\"Organization\",\"@id\":\"https:\\\/\\\/instant27001.com\\\/de\\\/#organization\",\"name\":\"Instant Management Systems B.V.\",\"alternateName\":\"IMS\",\"url\":\"https:\\\/\\\/instant27001.com\\\/de\\\/\",\"logo\":{\"@type\":\"ImageObject\",\"inLanguage\":\"de\",\"@id\":\"https:\\\/\\\/instant27001.com\\\/de\\\/#\\\/schema\\\/logo\\\/image\\\/\",\"url\":\"https:\\\/\\\/i0.wp.com\\\/instant27001.com\\\/wp-content\\\/uploads\\\/2023\\\/08\\\/IMS-logo-rgb-400.png?fit=400%2C123&ssl=1\",\"contentUrl\":\"https:\\\/\\\/i0.wp.com\\\/instant27001.com\\\/wp-content\\\/uploads\\\/2023\\\/08\\\/IMS-logo-rgb-400.png?fit=400%2C123&ssl=1\",\"width\":400,\"height\":123,\"caption\":\"Instant Management Systems B.V.\"},\"image\":{\"@id\":\"https:\\\/\\\/instant27001.com\\\/de\\\/#\\\/schema\\\/logo\\\/image\\\/\"},\"sameAs\":[\"https:\\\/\\\/www.linkedin.com\\\/company\\\/instant27001\\\/\"]}]}<\/script>\n<!-- \/ Yoast SEO plugin. -->","yoast_head_json":{"title":"ISO 27001-Berater: Zertifizierung mit fachkundiger Hilfe | Instant 27001","description":"Implementieren Sie ISO 27001, ohne auf teure ISO 27001-Berater angewiesen zu sein. Entdecken Sie, wie wir traditionelle ISO 27001-Beratungsleistungen ersetzen.","robots":{"index":"index","follow":"follow","max-snippet":"max-snippet:-1","max-image-preview":"max-image-preview:large","max-video-preview":"max-video-preview:-1"},"canonical":"https:\/\/instant27001.com\/de\/iso-27001-beratung\/","og_locale":"de_DE","og_type":"article","og_title":"ISO 27001-Berater: Zertifizierung mit fachkundiger Hilfe | Instant 27001","og_description":"Implementieren Sie ISO 27001, ohne auf teure ISO 27001-Berater angewiesen zu sein. Entdecken Sie, wie wir traditionelle ISO 27001-Beratungsleistungen ersetzen.","og_url":"https:\/\/instant27001.com\/de\/iso-27001-beratung\/","og_site_name":"Instant 27001","article_modified_time":"2026-02-23T09:19:05+00:00","twitter_card":"summary_large_image","twitter_misc":{"Gesch\u00e4tzte Lesezeit":"3\u00a0Minuten"},"schema":{"@context":"https:\/\/schema.org","@graph":[{"@type":"WebPage","@id":"https:\/\/instant27001.com\/de\/iso-27001-beratung\/","url":"https:\/\/instant27001.com\/de\/iso-27001-beratung\/","name":"ISO 27001-Berater: Zertifizierung mit fachkundiger Hilfe | Instant 27001","isPartOf":{"@id":"https:\/\/instant27001.com\/de\/#website"},"datePublished":"2025-11-23T12:07:20+00:00","dateModified":"2026-02-23T09:19:05+00:00","description":"Implementieren Sie ISO 27001, ohne auf teure ISO 27001-Berater angewiesen zu sein. Entdecken Sie, wie wir traditionelle ISO 27001-Beratungsleistungen ersetzen.","inLanguage":"de","potentialAction":[{"@type":"ReadAction","target":["https:\/\/instant27001.com\/de\/iso-27001-beratung\/"]}]},{"@type":"WebSite","@id":"https:\/\/instant27001.com\/de\/#website","url":"https:\/\/instant27001.com\/de\/","name":"Instant 27001","description":"Ready-to-run ISMS for ISO 27001","publisher":{"@id":"https:\/\/instant27001.com\/de\/#organization"},"alternateName":"DIY ISMS for ISO 27001","potentialAction":[{"@type":"SearchAction","target":{"@type":"EntryPoint","urlTemplate":"https:\/\/instant27001.com\/de\/?s={search_term_string}"},"query-input":{"@type":"PropertyValueSpecification","valueRequired":true,"valueName":"search_term_string"}}],"inLanguage":"de"},{"@type":"Organization","@id":"https:\/\/instant27001.com\/de\/#organization","name":"Instant Management Systems B.V.","alternateName":"IMS","url":"https:\/\/instant27001.com\/de\/","logo":{"@type":"ImageObject","inLanguage":"de","@id":"https:\/\/instant27001.com\/de\/#\/schema\/logo\/image\/","url":"https:\/\/i0.wp.com\/instant27001.com\/wp-content\/uploads\/2023\/08\/IMS-logo-rgb-400.png?fit=400%2C123&ssl=1","contentUrl":"https:\/\/i0.wp.com\/instant27001.com\/wp-content\/uploads\/2023\/08\/IMS-logo-rgb-400.png?fit=400%2C123&ssl=1","width":400,"height":123,"caption":"Instant Management Systems B.V."},"image":{"@id":"https:\/\/instant27001.com\/de\/#\/schema\/logo\/image\/"},"sameAs":["https:\/\/www.linkedin.com\/company\/instant27001\/"]}]}},"jetpack_likes_enabled":false,"jetpack_sharing_enabled":true,"jetpack_shortlink":"https:\/\/wp.me\/P9910Y-66D","_links":{"self":[{"href":"https:\/\/instant27001.com\/de\/wp-json\/wp\/v2\/pages\/23475","targetHints":{"allow":["GET"]}}],"collection":[{"href":"https:\/\/instant27001.com\/de\/wp-json\/wp\/v2\/pages"}],"about":[{"href":"https:\/\/instant27001.com\/de\/wp-json\/wp\/v2\/types\/page"}],"author":[{"embeddable":true,"href":"https:\/\/instant27001.com\/de\/wp-json\/wp\/v2\/users\/23147248"}],"replies":[{"embeddable":true,"href":"https:\/\/instant27001.com\/de\/wp-json\/wp\/v2\/comments?post=23475"}],"version-history":[{"count":2,"href":"https:\/\/instant27001.com\/de\/wp-json\/wp\/v2\/pages\/23475\/revisions"}],"predecessor-version":[{"id":23670,"href":"https:\/\/instant27001.com\/de\/wp-json\/wp\/v2\/pages\/23475\/revisions\/23670"}],"wp:attachment":[{"href":"https:\/\/instant27001.com\/de\/wp-json\/wp\/v2\/media?parent=23475"}],"curies":[{"name":"wp","href":"https:\/\/api.w.org\/{rel}","templated":true}]}}